{"id":49,"date":"2025-02-22T20:37:40","date_gmt":"2025-02-22T20:37:40","guid":{"rendered":"https:\/\/medi-base.cl\/wp\/?page_id=49"},"modified":"2025-03-11T22:30:39","modified_gmt":"2025-03-11T22:30:39","slug":"repositorio","status":"publish","type":"page","link":"https:\/\/clone.medi-base.cl\/clone\/miembros\/repositorio\/","title":{"rendered":"Repositorio"},"content":{"rendered":"\t\t<div data-elementor-type=\"wp-page\" data-elementor-id=\"49\" class=\"elementor elementor-49\" data-elementor-post-type=\"page\">\n\t\t\t\t<div class=\"elementor-element elementor-element-b2f6849 e-flex e-con-boxed e-con e-parent\" data-id=\"b2f6849\" data-element_type=\"container\">\n\t\t\t\t\t<div class=\"e-con-inner\">\n\t\t\t\t<div class=\"elementor-element elementor-element-e226172 elementor-widget elementor-widget-text-editor\" data-id=\"e226172\" data-element_type=\"widget\" data-widget_type=\"text-editor.default\">\n\t\t\t\t<div class=\"elementor-widget-container\">\n\t\t\t\t\t\t\t\t\t<p>Selecciona la carrera de tu inter\u00e9s y luego revisa el material disponible. Algunos elementos solo est\u00e1n accesibles para miembros<\/p>\t\t\t\t\t\t\t\t<\/div>\n\t\t\t\t<\/div>\n\t\t\t\t\t<\/div>\n\t\t\t\t<\/div>\n\t\t<div class=\"elementor-element elementor-element-49c72ac e-con-full e-flex e-con e-parent\" data-id=\"49c72ac\" data-element_type=\"container\">\n\t\t<div class=\"elementor-element elementor-element-0689de6 e-con-full e-flex e-con e-child\" data-id=\"0689de6\" data-element_type=\"container\">\n\t\t\t\t<div class=\"elementor-element elementor-element-6682ce6 elementor-widget elementor-widget-heading\" data-id=\"6682ce6\" data-element_type=\"widget\" data-widget_type=\"heading.default\">\n\t\t\t\t<div class=\"elementor-widget-container\">\n\t\t\t\t\t<h2 class=\"elementor-heading-title elementor-size-default\">Ciencias B\u00e1sicas <\/h2>\t\t\t\t<\/div>\n\t\t\t\t<\/div>\n\t\t\t\t<div class=\"elementor-element elementor-element-4ab73c9 elementor-widget-divider--view-line elementor-widget elementor-widget-divider\" data-id=\"4ab73c9\" data-element_type=\"widget\" data-widget_type=\"divider.default\">\n\t\t\t\t<div class=\"elementor-widget-container\">\n\t\t\t\t\t\t\t<div class=\"elementor-divider\">\n\t\t\t<span class=\"elementor-divider-separator\">\n\t\t\t\t\t\t<\/span>\n\t\t<\/div>\n\t\t\t\t\t\t<\/div>\n\t\t\t\t<\/div>\n\t\t\t\t<\/div>\n\t\t<div class=\"elementor-element elementor-element-4ad338a e-con-full e-flex e-con e-child\" data-id=\"4ad338a\" data-element_type=\"container\">\n\t\t\t\t<div class=\"elementor-element elementor-element-ecf1432 elementor-widget elementor-widget-heading\" data-id=\"ecf1432\" data-element_type=\"widget\" data-widget_type=\"heading.default\">\n\t\t\t\t<div class=\"elementor-widget-container\">\n\t\t\t\t\t<h2 class=\"elementor-heading-title elementor-size-default\">Medicina<\/h2>\t\t\t\t<\/div>\n\t\t\t\t<\/div>\n\t\t\t\t<div class=\"elementor-element elementor-element-892dbc5 elementor-align-center elementor-widget elementor-widget-button\" data-id=\"892dbc5\" data-element_type=\"widget\" data-widget_type=\"button.default\">\n\t\t\t\t<div class=\"elementor-widget-container\">\n\t\t\t\t\t\t\t\t\t<div class=\"elementor-button-wrapper\">\n\t\t\t\t\t<a class=\"elementor-button elementor-button-link elementor-size-sm\" href=\"https:\/\/clone.medi-base.cl\/clone\/repositorio\/medicina\/\">\n\t\t\t\t\t\t<span class=\"elementor-button-content-wrapper\">\n\t\t\t\t\t\t\t\t\t<span class=\"elementor-button-text\">Haz clic aqu\u00ed<\/span>\n\t\t\t\t\t<\/span>\n\t\t\t\t\t<\/a>\n\t\t\t\t<\/div>\n\t\t\t\t\t\t\t\t<\/div>\n\t\t\t\t<\/div>\n\t\t\t\t<div class=\"elementor-element elementor-element-e6df370 elementor-widget-divider--view-line elementor-widget elementor-widget-divider\" data-id=\"e6df370\" data-element_type=\"widget\" data-widget_type=\"divider.default\">\n\t\t\t\t<div class=\"elementor-widget-container\">\n\t\t\t\t\t\t\t<div class=\"elementor-divider\">\n\t\t\t<span class=\"elementor-divider-separator\">\n\t\t\t\t\t\t<\/span>\n\t\t<\/div>\n\t\t\t\t\t\t<\/div>\n\t\t\t\t<\/div>\n\t\t\t\t<\/div>\n\t\t<div class=\"elementor-element elementor-element-6f309a9 e-con-full e-flex e-con e-child\" data-id=\"6f309a9\" data-element_type=\"container\">\n\t\t\t\t<div class=\"elementor-element elementor-element-b903662 elementor-widget elementor-widget-heading\" data-id=\"b903662\" data-element_type=\"widget\" data-widget_type=\"heading.default\">\n\t\t\t\t<div class=\"elementor-widget-container\">\n\t\t\t\t\t<h2 class=\"elementor-heading-title elementor-size-default\">Kinesiolog\u00eda<\/h2>\t\t\t\t<\/div>\n\t\t\t\t<\/div>\n\t\t\t\t<div class=\"elementor-element elementor-element-e208c73 elementor-widget elementor-widget-text-editor\" data-id=\"e208c73\" data-element_type=\"widget\" data-widget_type=\"text-editor.default\">\n\t\t\t\t<div class=\"elementor-widget-container\">\n\t\t\t\t\t\t\t\t\t<p>Secci\u00f3n en construcci\u00f3n.<\/p>\n<p>Sugerencias o aportes en contacto@medi-base.cl<\/p>\t\t\t\t\t\t\t\t<\/div>\n\t\t\t\t<\/div>\n\t\t\t\t<div class=\"elementor-element elementor-element-c4805ab elementor-widget-divider--view-line elementor-widget elementor-widget-divider\" data-id=\"c4805ab\" data-element_type=\"widget\" data-widget_type=\"divider.default\">\n\t\t\t\t<div class=\"elementor-widget-container\">\n\t\t\t\t\t\t\t<div class=\"elementor-divider\">\n\t\t\t<span class=\"elementor-divider-separator\">\n\t\t\t\t\t\t<\/span>\n\t\t<\/div>\n\t\t\t\t\t\t<\/div>\n\t\t\t\t<\/div>\n\t\t\t\t<\/div>\n\t\t<div class=\"elementor-element elementor-element-3663d12 e-con-full e-flex e-con e-child\" data-id=\"3663d12\" data-element_type=\"container\">\n\t\t\t\t<div class=\"elementor-element elementor-element-b7d3aaa elementor-widget elementor-widget-heading\" data-id=\"b7d3aaa\" data-element_type=\"widget\" data-widget_type=\"heading.default\">\n\t\t\t\t<div class=\"elementor-widget-container\">\n\t\t\t\t\t<h2 class=\"elementor-heading-title elementor-size-default\">Qu\u00edmica y Farmacia<\/h2>\t\t\t\t<\/div>\n\t\t\t\t<\/div>\n\t\t\t\t<div class=\"elementor-element elementor-element-10c112e elementor-widget elementor-widget-text-editor\" data-id=\"10c112e\" data-element_type=\"widget\" data-widget_type=\"text-editor.default\">\n\t\t\t\t<div class=\"elementor-widget-container\">\n\t\t\t\t\t\t\t\t\t<p>Secci\u00f3n en construcci\u00f3n.<\/p>\n<p>Sugerencias o aportes en contacto@medi-base.cl<\/p>\t\t\t\t\t\t\t\t<\/div>\n\t\t\t\t<\/div>\n\t\t\t\t<div class=\"elementor-element elementor-element-d453e96 elementor-widget-divider--view-line elementor-widget elementor-widget-divider\" data-id=\"d453e96\" data-element_type=\"widget\" data-widget_type=\"divider.default\">\n\t\t\t\t<div class=\"elementor-widget-container\">\n\t\t\t\t\t\t\t<div class=\"elementor-divider\">\n\t\t\t<span class=\"elementor-divider-separator\">\n\t\t\t\t\t\t<\/span>\n\t\t<\/div>\n\t\t\t\t\t\t<\/div>\n\t\t\t\t<\/div>\n\t\t\t\t<\/div>\n\t\t<div class=\"elementor-element elementor-element-1a99bc0 e-con-full e-flex e-con e-child\" data-id=\"1a99bc0\" data-element_type=\"container\">\n\t\t\t\t<div class=\"elementor-element elementor-element-ff356db elementor-widget elementor-widget-heading\" data-id=\"ff356db\" data-element_type=\"widget\" data-widget_type=\"heading.default\">\n\t\t\t\t<div class=\"elementor-widget-container\">\n\t\t\t\t\t<h2 class=\"elementor-heading-title elementor-size-default\">Terapia Ocupacional<\/h2>\t\t\t\t<\/div>\n\t\t\t\t<\/div>\n\t\t\t\t<div class=\"elementor-element elementor-element-e911d4f elementor-widget elementor-widget-text-editor\" data-id=\"e911d4f\" data-element_type=\"widget\" data-widget_type=\"text-editor.default\">\n\t\t\t\t<div class=\"elementor-widget-container\">\n\t\t\t\t\t\t\t\t\t<p>Secci\u00f3n en construcci\u00f3n.<\/p><p>Sugerencias o aportes en contacto@medi-base.cl<\/p>\t\t\t\t\t\t\t\t<\/div>\n\t\t\t\t<\/div>\n\t\t\t\t<div class=\"elementor-element elementor-element-6b0a79e elementor-widget-divider--view-line elementor-widget elementor-widget-divider\" data-id=\"6b0a79e\" data-element_type=\"widget\" data-widget_type=\"divider.default\">\n\t\t\t\t<div class=\"elementor-widget-container\">\n\t\t\t\t\t\t\t<div class=\"elementor-divider\">\n\t\t\t<span class=\"elementor-divider-separator\">\n\t\t\t\t\t\t<\/span>\n\t\t<\/div>\n\t\t\t\t\t\t<\/div>\n\t\t\t\t<\/div>\n\t\t\t\t<\/div>\n\t\t<div class=\"elementor-element elementor-element-13f7bac e-con-full e-flex e-con e-child\" data-id=\"13f7bac\" data-element_type=\"container\">\n\t\t\t\t<div class=\"elementor-element elementor-element-5914d02 elementor-widget elementor-widget-heading\" data-id=\"5914d02\" data-element_type=\"widget\" data-widget_type=\"heading.default\">\n\t\t\t\t<div class=\"elementor-widget-container\">\n\t\t\t\t\t<h2 class=\"elementor-heading-title elementor-size-default\">Enfermer\u00eda<\/h2>\t\t\t\t<\/div>\n\t\t\t\t<\/div>\n\t\t\t\t<div class=\"elementor-element elementor-element-f6142a5 elementor-widget elementor-widget-text-editor\" data-id=\"f6142a5\" data-element_type=\"widget\" data-widget_type=\"text-editor.default\">\n\t\t\t\t<div class=\"elementor-widget-container\">\n\t\t\t\t\t\t\t\t\t<p>Secci\u00f3n en construcci\u00f3n.<\/p><p>Sugerencias o aportes en contacto@medi-base.cl<\/p>\t\t\t\t\t\t\t\t<\/div>\n\t\t\t\t<\/div>\n\t\t\t\t<div class=\"elementor-element elementor-element-c3f80ef elementor-widget-divider--view-line elementor-widget elementor-widget-divider\" data-id=\"c3f80ef\" data-element_type=\"widget\" data-widget_type=\"divider.default\">\n\t\t\t\t<div class=\"elementor-widget-container\">\n\t\t\t\t\t\t\t<div class=\"elementor-divider\">\n\t\t\t<span class=\"elementor-divider-separator\">\n\t\t\t\t\t\t<\/span>\n\t\t<\/div>\n\t\t\t\t\t\t<\/div>\n\t\t\t\t<\/div>\n\t\t\t\t<\/div>\n\t\t<div class=\"elementor-element elementor-element-8acd191 e-con-full e-flex e-con e-child\" data-id=\"8acd191\" data-element_type=\"container\">\n\t\t\t\t<div class=\"elementor-element elementor-element-88b308e elementor-widget elementor-widget-heading\" data-id=\"88b308e\" data-element_type=\"widget\" data-widget_type=\"heading.default\">\n\t\t\t\t<div class=\"elementor-widget-container\">\n\t\t\t\t\t<h2 class=\"elementor-heading-title elementor-size-default\">Fonoterapia <\/h2>\t\t\t\t<\/div>\n\t\t\t\t<\/div>\n\t\t\t\t<div class=\"elementor-element elementor-element-c362467 elementor-widget elementor-widget-text-editor\" data-id=\"c362467\" data-element_type=\"widget\" data-widget_type=\"text-editor.default\">\n\t\t\t\t<div class=\"elementor-widget-container\">\n\t\t\t\t\t\t\t\t\t<p>Secci\u00f3n en construcci\u00f3n.<\/p>\n<p>Sugerencias o aportes en contacto@medi-base.cl<\/p>\t\t\t\t\t\t\t\t<\/div>\n\t\t\t\t<\/div>\n\t\t\t\t<div class=\"elementor-element elementor-element-72825e2 elementor-widget-divider--view-line elementor-widget elementor-widget-divider\" data-id=\"72825e2\" data-element_type=\"widget\" data-widget_type=\"divider.default\">\n\t\t\t\t<div class=\"elementor-widget-container\">\n\t\t\t\t\t\t\t<div class=\"elementor-divider\">\n\t\t\t<span class=\"elementor-divider-separator\">\n\t\t\t\t\t\t<\/span>\n\t\t<\/div>\n\t\t\t\t\t\t<\/div>\n\t\t\t\t<\/div>\n\t\t\t\t<\/div>\n\t\t\t\t<\/div>\n\t\t\t\t<\/div>\n\t\t","protected":false},"excerpt":{"rendered":"<p>Selecciona la carrera de tu inter\u00e9s y luego revisa el material disponible. Algunos elementos solo est\u00e1n accesibles para miembros Ciencias B\u00e1sicas Medicina Haz clic aqu\u00ed Kinesiolog\u00eda Secci\u00f3n en construcci\u00f3n. Sugerencias o aportes en contacto@medi-base.cl Qu\u00edmica y Farmacia Secci\u00f3n en construcci\u00f3n. Sugerencias o aportes en contacto@medi-base.cl Terapia Ocupacional Secci\u00f3n en construcci\u00f3n. Sugerencias o aportes en contacto@medi-base.cl [&hellip;]<\/p>\n","protected":false},"author":1,"featured_media":0,"parent":78,"menu_order":4,"comment_status":"closed","ping_status":"closed","template":"","meta":{"footnotes":""},"class_list":["post-49","page","type-page","status-publish","hentry"],"_links":{"self":[{"href":"https:\/\/clone.medi-base.cl\/clone\/wp-json\/wp\/v2\/pages\/49","targetHints":{"allow":["GET"]}}],"collection":[{"href":"https:\/\/clone.medi-base.cl\/clone\/wp-json\/wp\/v2\/pages"}],"about":[{"href":"https:\/\/clone.medi-base.cl\/clone\/wp-json\/wp\/v2\/types\/page"}],"author":[{"embeddable":true,"href":"https:\/\/clone.medi-base.cl\/clone\/wp-json\/wp\/v2\/users\/1"}],"replies":[{"embeddable":true,"href":"https:\/\/clone.medi-base.cl\/clone\/wp-json\/wp\/v2\/comments?post=49"}],"version-history":[{"count":0,"href":"https:\/\/clone.medi-base.cl\/clone\/wp-json\/wp\/v2\/pages\/49\/revisions"}],"up":[{"embeddable":true,"href":"https:\/\/clone.medi-base.cl\/clone\/wp-json\/wp\/v2\/pages\/78"}],"wp:attachment":[{"href":"https:\/\/clone.medi-base.cl\/clone\/wp-json\/wp\/v2\/media?parent=49"}],"curies":[{"name":"wp","href":"https:\/\/api.w.org\/{rel}","templated":true}]}}